{"id":150,"date":"2025-12-01T15:05:49","date_gmt":"2025-12-01T14:05:49","guid":{"rendered":"https:\/\/maelledesbrosses.com\/?page_id=150"},"modified":"2025-12-01T15:05:49","modified_gmt":"2025-12-01T14:05:49","slug":"maelle-et-les-garcons-2","status":"publish","type":"page","link":"https:\/\/maelledesbrosses.com\/index.php\/maelle-et-les-garcons-2\/","title":{"rendered":"MA\u00cbLLE ET LES GAR\u00c7ONS"},"content":{"rendered":"\n<figure class=\"wp-block-image size-large\"><img loading=\"lazy\" decoding=\"async\" width=\"683\" height=\"1024\" src=\"https:\/\/maelledesbrosses.com\/wp-content\/uploads\/2025\/12\/LAUREENBURTON-1425-683x1024.jpg\" alt=\"\" class=\"wp-image-151\" srcset=\"https:\/\/maelledesbrosses.com\/wp-content\/uploads\/2025\/12\/LAUREENBURTON-1425-683x1024.jpg 683w, https:\/\/maelledesbrosses.com\/wp-content\/uploads\/2025\/12\/LAUREENBURTON-1425-200x300.jpg 200w, https:\/\/maelledesbrosses.com\/wp-content\/uploads\/2025\/12\/LAUREENBURTON-1425-768x1152.jpg 768w, https:\/\/maelledesbrosses.com\/wp-content\/uploads\/2025\/12\/LAUREENBURTON-1425-1024x1536.jpg 1024w, https:\/\/maelledesbrosses.com\/wp-content\/uploads\/2025\/12\/LAUREENBURTON-1425-1365x2048.jpg 1365w, https:\/\/maelledesbrosses.com\/wp-content\/uploads\/2025\/12\/LAUREENBURTON-1425-scaled.jpg 1707w\" sizes=\"auto, (max-width: 683px) 100vw, 683px\" \/><\/figure>\n\n\n\n<p>Ma\u00eblle Desbrosses&nbsp;: Alto &#8211; Voix &#8211; Composition<\/p>\n\n\n\n<p>Paco Andr\u00e9o : Trombone \u00e0 piston \u2013 Euphonium \u2013 Voix<\/p>\n\n\n\n<p>Samuel Ber&nbsp;: Batterie<\/p>\n\n\n\n<p>Cl\u00e9ment Merienne: Piano \u2013 Electronique<\/p>\n\n\n\n<figure class=\"wp-block-embed is-type-video is-provider-youtube wp-block-embed-youtube wp-embed-aspect-16-9 wp-has-aspect-ratio\"><div class=\"wp-block-embed__wrapper\">\n<iframe loading=\"lazy\" title=\"Ma\u00eblle et les Gar\u00e7ons - The Sick Rose [live session]\" width=\"500\" height=\"281\" src=\"https:\/\/www.youtube.com\/embed\/ggGd8QX37xs?feature=oembed\" frameborder=\"0\" allow=\"accelerometer; autoplay; clipboard-write; encrypted-media; gyroscope; picture-in-picture; web-share\" referrerpolicy=\"strict-origin-when-cross-origin\" allowfullscreen><\/iframe>\n<\/div><\/figure>\n\n\n\n<figure class=\"wp-block-embed is-type-video is-provider-youtube wp-block-embed-youtube wp-embed-aspect-16-9 wp-has-aspect-ratio\"><div class=\"wp-block-embed__wrapper\">\n<iframe loading=\"lazy\" title=\"Ma\u00eblle et les Gar\u00e7ons - Nurses song [live session]\" width=\"500\" height=\"281\" src=\"https:\/\/www.youtube.com\/embed\/ZzE0wDBCE7E?feature=oembed\" frameborder=\"0\" allow=\"accelerometer; autoplay; clipboard-write; encrypted-media; gyroscope; picture-in-picture; web-share\" referrerpolicy=\"strict-origin-when-cross-origin\" allowfullscreen><\/iframe>\n<\/div><\/figure>\n\n\n\n<figure class=\"wp-block-embed is-type-video is-provider-youtube wp-block-embed-youtube wp-embed-aspect-16-9 wp-has-aspect-ratio\"><div class=\"wp-block-embed__wrapper\">\n<iframe loading=\"lazy\" title=\"Ma\u00eblle et les Gar\u00e7ons - The Sick Rose [live session]\" width=\"500\" height=\"281\" src=\"https:\/\/www.youtube.com\/embed\/ggGd8QX37xs?feature=oembed\" frameborder=\"0\" allow=\"accelerometer; autoplay; clipboard-write; encrypted-media; gyroscope; picture-in-picture; web-share\" referrerpolicy=\"strict-origin-when-cross-origin\" allowfullscreen><\/iframe>\n<\/div><\/figure>\n\n\n\n<div class=\"wp-block-cover\"><img loading=\"lazy\" decoding=\"async\" width=\"683\" height=\"1024\" class=\"wp-block-cover__image-background wp-image-152\" alt=\"\" src=\"https:\/\/maelledesbrosses.com\/wp-content\/uploads\/2025\/12\/LAUREENBURTON-1590-683x1024.jpg\" style=\"object-position:60% 22%\" data-object-fit=\"cover\" data-object-position=\"60% 22%\" srcset=\"https:\/\/maelledesbrosses.com\/wp-content\/uploads\/2025\/12\/LAUREENBURTON-1590-683x1024.jpg 683w, https:\/\/maelledesbrosses.com\/wp-content\/uploads\/2025\/12\/LAUREENBURTON-1590-200x300.jpg 200w, https:\/\/maelledesbrosses.com\/wp-content\/uploads\/2025\/12\/LAUREENBURTON-1590-768x1152.jpg 768w, https:\/\/maelledesbrosses.com\/wp-content\/uploads\/2025\/12\/LAUREENBURTON-1590-1024x1536.jpg 1024w, https:\/\/maelledesbrosses.com\/wp-content\/uploads\/2025\/12\/LAUREENBURTON-1590-1365x2048.jpg 1365w, https:\/\/maelledesbrosses.com\/wp-content\/uploads\/2025\/12\/LAUREENBURTON-1590-scaled.jpg 1707w\" sizes=\"auto, (max-width: 683px) 100vw, 683px\" \/><span aria-hidden=\"true\" class=\"wp-block-cover__background has-background-dim\"><\/span><div class=\"wp-block-cover__inner-container is-layout-flow wp-block-cover-is-layout-flow\">\n<p class=\"has-text-align-center has-large-font-size\">T\u00e9l\u00e9charger le dossier<\/p>\n<\/div><\/div>\n","protected":false},"excerpt":{"rendered":"<p>Ma\u00eblle Desbrosses&nbsp;: Alto &#8211; Voix &#8211; Composition Paco Andr\u00e9o : Trombone \u00e0 piston \u2013 Euphonium \u2013 Voix Samuel Ber&nbsp;: Batterie Cl\u00e9ment Merienne: Piano \u2013 Electronique<\/p>\n","protected":false},"author":1,"featured_media":0,"parent":0,"menu_order":0,"comment_status":"closed","ping_status":"closed","template":"","meta":{"footnotes":""},"class_list":["post-150","page","type-page","status-publish","hentry"],"_links":{"self":[{"href":"https:\/\/maelledesbrosses.com\/index.php\/wp-json\/wp\/v2\/pages\/150","targetHints":{"allow":["GET"]}}],"collection":[{"href":"https:\/\/maelledesbrosses.com\/index.php\/wp-json\/wp\/v2\/pages"}],"about":[{"href":"https:\/\/maelledesbrosses.com\/index.php\/wp-json\/wp\/v2\/types\/page"}],"author":[{"embeddable":true,"href":"https:\/\/maelledesbrosses.com\/index.php\/wp-json\/wp\/v2\/users\/1"}],"replies":[{"embeddable":true,"href":"https:\/\/maelledesbrosses.com\/index.php\/wp-json\/wp\/v2\/comments?post=150"}],"version-history":[{"count":1,"href":"https:\/\/maelledesbrosses.com\/index.php\/wp-json\/wp\/v2\/pages\/150\/revisions"}],"predecessor-version":[{"id":158,"href":"https:\/\/maelledesbrosses.com\/index.php\/wp-json\/wp\/v2\/pages\/150\/revisions\/158"}],"wp:attachment":[{"href":"https:\/\/maelledesbrosses.com\/index.php\/wp-json\/wp\/v2\/media?parent=150"}],"curies":[{"name":"wp","href":"https:\/\/api.w.org\/{rel}","templated":true}]}}